{"id":2,"date":"2010-08-11T11:14:00","date_gmt":"2010-08-11T11:14:00","guid":{"rendered":"http:\/\/datix.ch\/WordPress?page_id=2"},"modified":"2011-11-01T22:24:23","modified_gmt":"2011-11-01T21:24:23","slug":"about","status":"publish","type":"page","link":"https:\/\/chappe.ch\/?page_id=2","title":{"rendered":"agb"},"content":{"rendered":"<p>1. Allgemeines<\/p>\n<p>F\u00fcr s\u00e4mtliche Vertr\u00e4ge und Leistungen von chappe.ch gelten ausschliesslich die nachstehenden Allgemeinen Gesch\u00e4ftsbedingungen (AGB). chappe.ch beh\u00e4lt es sich vor, die Allgemeinen Gesch\u00e4ftsbedingungen jederzeit anzupassen. Mit der Bestellung von Produkten aus unserem Sortiment gelten die Bedingungen als angenommen.<br \/>\n2. Angebot und Preise<\/p>\n<p>Alle Angebote auf dieser Homepage sind freibleibend. Die Darstellung der Produkte im Online-Shop stellt kein rechtlich bindendes Angebot, sondern einen unverbindlichen Online-Katalog dar. Die Abbildungen in unserem Shop k\u00f6nnen von den tats\u00e4chlichen Produkten leicht abweichen, insbesondere in der Farbe, da unterschiedliche Monitore je nach Einstellungen Farben unterschiedlich darstellen.<br \/>\nDie Produkte von chappe.ch werden direkt \u00fcber den Internetshop <a href=\"http:\/\/www.chappe.ch\">www.chappe.ch<\/a> vom Kunden bestellt. Durch Anklicken des Buttons &#171;Bestellung senden&#187; gibt der Kunde eine verbindliche Bestellung der im Warenkorb enthaltenen Waren ab. Die Best\u00e4tigung des Eingangs der Bestellung erfolgt zusammen mit der Annahme der Bestellung unmittelbar nach dem Absenden durch automatisierte E-Mail. Mit dieser E-Mail-Best\u00e4tigung ist der Kaufvertrag zustande gekommen.<\/p>\n<p>chappe.ch ist frei, Online-Bestellungen nicht anzunehmen. Die Entscheidung dar\u00fcber liegt im freien Ermessen von chappe.ch. Wird chappe. ch eine Online-Bestellung nicht ausf\u00fchren, teilt sie chappe.ch dem Besteller unverz\u00fcglich mit.<\/p>\n<p>Als Preise gelten die zum Zeitpunkt der Bestellung aufgef\u00fchrten Preise. S\u00e4mtliche Preise sind Endpreise, zzgl. Liefer- und Versandkosten, die dem Markt angepasst werden k\u00f6nnen und verstehen sich exklusive MwSt. Aufgrund des Kleinunternehmerstatus nach Art. 19 UStG (Umsatzsteuergesetz) erheben wir keine Umsatzsteuer und weisen diese daher auch nicht aus. Wir weisen aber darauf hin, dass im Ausland f\u00e4llige MwSt direkt dem Spediteur bezahlt werden m\u00fcssen.<br \/>\n3. Zahlungsbedingungen<\/p>\n<p>Der Kunde verpflichtet sich, den Kaufpreis im Voraus zu begleichen. Die Bezahlung der Ware erfolgt ausschliesslich per Kreditkarte oder Bankzahlung und in Schweizer Franken und wird sofort f\u00e4llig.<\/p>\n<p>&nbsp;<\/p>\n<p>4. Lieferung<\/p>\n<p>chappe.ch liefert schweizweit zu den geltenden Schweizer Posttarifen, welche angepasst werden k\u00f6nnen. Es kann zum entsprechenden Tarif zwischen Economy, Priority und Express\/Urgent gew\u00e4hlt werden. Ohne Vermerk wird Economy versandt. Lieferungen resp. Versand erfolgen auf Kosten des Kunden.<\/p>\n<p>Allf\u00e4llige Transportsch\u00e4den sind unverz\u00fcglich der Transportanstalt zu melden und es ist ein Schadensformular auszuf\u00fcllen. F\u00fcr alle Transportsch\u00e4dden, die nicht mit einem Schadenprotokoll belegt werden k\u00f6nnen, lehnt chappe.ch jede Verantwortung ab.<\/p>\n<p>chappe.ch wird wenn m\u00f6glich die ganze Bestellung in einer Lieferung ausliefern. Der K\u00e4ufer erkl\u00e4rt sich bereit, auch Teillieferungen anzunehmen.<br \/>\n5. Annahmeverweigerung bzw. Nichtzustellbarkeit<\/p>\n<p>Verweigert der Kunde die Annahme einer Lieferung oder ist eine solche nicht zustellbar, beh\u00e4lt sich chappe.ch das Recht vor, ihm die Versandkosten f\u00fcr beide Versandwege in Rechnung zu stellen sowie eine Bearbeitungsgeb\u00fchr von CHF 20.00 inkl. MwSt. Der Vertrag wird dadurch automatisch aufgehoben.<br \/>\n6. Garantie \/ Gew\u00e4hrleistung wegen M\u00e4ngeln der Kaufsache<\/p>\n<p>chappe.ch garantiert f\u00fcr eine einwandfreie Qualit\u00e4t der ausgelieferten Ware, wobei leichte Farbabweichungen keinen Mangel darzustellen verm\u00f6gen. Jede weitere Gew\u00e4hrleistung wird, soweit gesetzlich zul\u00e4ssig, wegbedungen. Bei versp\u00e4teter Lieferung steht dem Kunden kein Recht auf Schadenersatz, Preisminderung oder R\u00fccktritt vom Vertrag zu.<br \/>\n7. R\u00fcckgaberecht<\/p>\n<p>Alle bei chappe.ch erworbenen Waren k\u00f6nnen innerhalb von 14 Tagen nach Erhalt zur\u00fcckgesandt werden, vorbeh\u00e4ltlich abweichender spezieller Vereinbarungen. Die gelieferte Ware darf nur zum Zweck der Pr\u00fcfung\/Anprobe genutzt werden. Die Retoure hat umgehend in der Originalverpackung, versehen mit dem Original-Etikett und in einwandfreiem Zustand zu erfolgen. Bei einer Verschlechterung der Ware durch einen weitergehenden Gebrauch beh\u00e4lt sich chappe.ch das Recht vor, Wertersatz zu verlangen.<\/p>\n<p>Die Kosten der R\u00fccksendung an chappe.ch hat der Kunde zu tragen. Erfolgt die R\u00fccksendung unfrankiert oder nicht ausreichend frankiert, so wird dem Kunden das fehlende Porto zuz\u00e4tzlich einer Umtriebsentsch\u00e4digung von maximal CHF 15.00 inkl. MwSt. pro retournierten Artikel in Rechnung gestellt.<\/p>\n<p>Ausgenommen von diesem R\u00fcckgaberecht sind Artikel, die nach Kundenspezifikationen angefertigt werden oder eindeutig auf die pers\u00f6nlichen Bed\u00fcrfnisse zugeschnitten sind.<\/p>\n<p>Die R\u00fccksendung hat zu erfolgen an:<\/p>\n<p>Beatrice Schletti<br \/>\nHaferweg 6<br \/>\n3400 Burgdorf<br \/>\n8. Eigentumsvorbehalt<\/p>\n<p>Die gelieferte Ware bleibt bis zur vollst\u00e4ndigen Bezahlung des Kaufpreises sowie s\u00e4mtlicher angefallener Kosten Eigentum von Beatrice Schletti.<br \/>\n9. Datenschutz<\/p>\n<p>Daten der Kunden werden durch chappe.ch gesch\u00fctzt und werden streng vertraulich behandelt. Soweit gesch\u00e4ftsnotwendig und im Rahmen des Datenschutzgesetzes zul\u00e4ssig, werden sie EDV-m\u00e4ssig gespreichert und verarbeitet. Zum Zweck der Bestellabwicklung und allenfalls der Kredit- und Bonit\u00e4tspr\u00fcfung gibt chappe.ch die Daten gegebenenfalls an verbundene Unternehmen oder Dienstleistungspartner weiter.<br \/>\n10. Urheberrecht<\/p>\n<p>Die Webseite ist Eigentum von Beatrice Schletti, Burgdorf, und wird von dieser betrieben. Der gesamte Inhalt der Webseite, einschliesslich Texte, Fotos, Illustrationen etc. ist Eigentum von Beatrice Schletti. Alle Elemente der Webseite, einschliesslich des allgemeinen Designs und des Inhalts, werden durch Urheberrechte und andere Rechte gesch\u00fctzt und d\u00fcrfen weder f\u00fcr den Privatgebrauch noch f\u00fcr kommerzielle Zwecke oder zur sonstigen Weitergabe kopiert, ver\u00e4ndert oder anderweitig verwendet werden. Alle Abbildungen sowie Fotografien, Texte und Grafiken im gesamten Shop unterliegen dem Copyright von Beatrice Schletti. Eine Ver\u00f6ffentlichung und Nutzung der Daten, abgesehen journalistischer Berichterstattung, ist nur mit der ausdr\u00fccklichen, schriftlichen Genehmigung von Beatrice Schletti und mit Quellenhinweis erlaubt. Eine kommerzielle Nutzung ist nur mit der ausdr\u00fccklichen, schriftlichen Genehmigung von Beatrice Schletti und mit Quellenhinweis erlaubt.<br \/>\n11. Haftungshinweis<\/p>\n<p>Trotz sorgf\u00e4ltiger inhaltlicher Kontrolle \u00fcbernimmt Beatrice Schletti keine Haftung f\u00fcr die Inhalte externer Links. F\u00fcr den Inhalt der verlinkten Seiten sind ausschliesslich deren Betreiber verantwortlich.<br \/>\n12. Gerichtsstand \/ Anwendbares Recht<\/p>\n<p>S\u00e4mtliche Rechtsbeziehungen und Vertr\u00e4ge zwischen Beatrice Schletti und dem Kunden unterstehen ausschliesslich Schweizerischem Recht, unter Ausschluss der UN-Kaufrechtskonvention (&#171;Wiener Kaufrecht&#187;). Gerichtsstand ist ausschliesslich Burgdorf.<br \/>\n13. Schlussbestimmungen<\/p>\n<p>Sollten einzelne Bestimmungen oder mehrere Bestimmungen dieser AGB ganz oder teilweise unwirksam sein oder ihre Rechtswirksamkeit sp\u00e4ter verlieren, ber\u00fchrt dies die Rechtswirksamkeit der \u00fcbrigen Bestimmungen nicht.<\/p>\n<p>&nbsp;<\/p>\n<p>Burgdorf, 1.November 2011<\/p>\n","protected":false},"excerpt":{"rendered":"<p>1. Allgemeines F\u00fcr s\u00e4mtliche Vertr\u00e4ge und Leistungen von chappe.ch gelten ausschliesslich die nachstehenden Allgemeinen Gesch\u00e4ftsbedingungen (AGB). chappe.ch beh\u00e4lt es sich vor, die Allgemeinen Gesch\u00e4ftsbedingungen jederzeit anzupassen. Mit der Bestellung von Produkten aus unserem Sortiment gelten die Bedingungen als angenommen. 2. Angebot und Preise Alle Angebote auf dieser Homepage sind freibleibend. Die Darstellung der Produkte im [&hellip;]<\/p>\n","protected":false},"author":3,"featured_media":0,"parent":225,"menu_order":99,"comment_status":"open","ping_status":"closed","template":"","meta":{"footnotes":""},"class_list":["post-2","page","type-page","status-publish","hentry"],"_links":{"self":[{"href":"https:\/\/chappe.ch\/index.php?rest_route=\/wp\/v2\/pages\/2","targetHints":{"allow":["GET"]}}],"collection":[{"href":"https:\/\/chappe.ch\/index.php?rest_route=\/wp\/v2\/pages"}],"about":[{"href":"https:\/\/chappe.ch\/index.php?rest_route=\/wp\/v2\/types\/page"}],"author":[{"embeddable":true,"href":"https:\/\/chappe.ch\/index.php?rest_route=\/wp\/v2\/users\/3"}],"replies":[{"embeddable":true,"href":"https:\/\/chappe.ch\/index.php?rest_route=%2Fwp%2Fv2%2Fcomments&post=2"}],"version-history":[{"count":10,"href":"https:\/\/chappe.ch\/index.php?rest_route=\/wp\/v2\/pages\/2\/revisions"}],"predecessor-version":[{"id":82,"href":"https:\/\/chappe.ch\/index.php?rest_route=\/wp\/v2\/pages\/2\/revisions\/82"}],"up":[{"embeddable":true,"href":"https:\/\/chappe.ch\/index.php?rest_route=\/wp\/v2\/pages\/225"}],"wp:attachment":[{"href":"https:\/\/chappe.ch\/index.php?rest_route=%2Fwp%2Fv2%2Fmedia&parent=2"}],"curies":[{"name":"wp","href":"https:\/\/api.w.org\/{rel}","templated":true}]}}